{"id":19472,"date":"2022-08-08T07:22:18","date_gmt":"2022-08-08T07:22:18","guid":{"rendered":"https:\/\/rosperty.com\/reforme\/"},"modified":"2022-08-25T10:38:23","modified_gmt":"2022-08-25T10:38:23","slug":"reforme","status":"publish","type":"page","link":"https:\/\/rosperty.com\/ro\/reforme\/","title":{"rendered":"Reforme"},"content":{"rendered":"\t\t<div data-elementor-type=\"wp-page\" data-elementor-id=\"19472\" class=\"elementor elementor-19472 elementor-17090\">\n\t\t\t\t\t\t\t\t\t<section class=\"elementor-section elementor-top-section elementor-element elementor-element-3ec1dec0 elementor-section-boxed elementor-section-height-default elementor-section-height-default\" data-id=\"3ec1dec0\" data-element_type=\"section\" data-settings=\"{&quot;background_background&quot;:&quot;slideshow&quot;,&quot;background_slideshow_gallery&quot;:[{&quot;id&quot;:16991,&quot;url&quot;:&quot;https:\\\/\\\/rosperty.com\\\/wp-content\\\/uploads\\\/2022\\\/08\\\/reforma-2-scaled.jpeg&quot;},{&quot;id&quot;:16990,&quot;url&quot;:&quot;https:\\\/\\\/rosperty.com\\\/wp-content\\\/uploads\\\/2022\\\/08\\\/reforma_1-scaled.jpeg&quot;},{&quot;id&quot;:16992,&quot;url&quot;:&quot;https:\\\/\\\/rosperty.com\\\/wp-content\\\/uploads\\\/2022\\\/08\\\/reforma-3-scaled.jpeg&quot;}],&quot;background_slideshow_ken_burns&quot;:&quot;yes&quot;,&quot;background_slideshow_loop&quot;:&quot;yes&quot;,&quot;background_slideshow_slide_duration&quot;:5000,&quot;background_slideshow_slide_transition&quot;:&quot;fade&quot;,&quot;background_slideshow_transition_duration&quot;:500,&quot;background_slideshow_ken_burns_zoom_direction&quot;:&quot;in&quot;}\">\n\t\t\t\t\t\t\t<div class=\"elementor-background-overlay\"><\/div>\n\t\t\t\t\t\t\t<div class=\"elementor-container elementor-column-gap-no\">\n\t\t\t\t\t<div class=\"elementor-column elementor-col-100 elementor-top-column elementor-element elementor-element-6ad5dad0\" data-id=\"6ad5dad0\" data-element_type=\"column\">\n\t\t\t<div class=\"elementor-widget-wrap elementor-element-populated\">\n\t\t\t\t\t\t\t\t<div class=\"elementor-element elementor-element-53ab2388 elementor-widget elementor-widget-houzez_elementor_space\" data-id=\"53ab2388\" data-element_type=\"widget\" data-widget_type=\"houzez_elementor_space.default\">\n\t\t\t\t<div class=\"elementor-widget-container\">\n\t\t\t        <div class=\"houzez-spacer\">\n            <div class=\"houzez-spacer-inner\"><\/div>\n        <\/div>\n        \t\t<\/div>\n\t\t\t\t<\/div>\n\t\t\t\t<section class=\"elementor-section elementor-inner-section elementor-element elementor-element-a1e3f07 elementor-section-content-middle elementor-section-boxed elementor-section-height-default elementor-section-height-default\" data-id=\"a1e3f07\" data-element_type=\"section\">\n\t\t\t\t\t\t<div class=\"elementor-container elementor-column-gap-no\">\n\t\t\t\t\t<div class=\"elementor-column elementor-col-33 elementor-inner-column elementor-element elementor-element-75592d01\" data-id=\"75592d01\" data-element_type=\"column\">\n\t\t\t<div class=\"elementor-widget-wrap elementor-element-populated\">\n\t\t\t\t\t\t\t\t<div class=\"elementor-element elementor-element-620a5352 animated-slow elementor-invisible elementor-widget elementor-widget-houzez_elementor_section_title\" data-id=\"620a5352\" data-element_type=\"widget\" data-settings=\"{&quot;_animation&quot;:&quot;fadeIn&quot;}\" data-widget_type=\"houzez_elementor_section_title.default\">\n\t\t\t\t<div class=\"elementor-widget-container\">\n\t\t\t            <div class=\"houzez_section_title_wrap section-title-module\">\n                                    <h2 class=\"houzez_section_title\">Vrei s\u0103 faci o reform\u0103?<\/h2>\n                \n                                    <p class=\"houzez_section_subtitle\">Realizarea unei reforme cuprinz\u0103toare a unui apartament nu este de obicei o decizie u\u0219oar\u0103. Reformarea casei noastre, par\u021bial sau complet, \u00eenseamn\u0103 at\u00e2t o investi\u021bie de bani, c\u00e2t \u0219i efort. Din acest motiv, este esen\u021bial s\u0103 \u0219tim \u00een cine s\u0103 ne punem \u00eencrederea, s\u0103 ob\u021binem cea mai mare garan\u021bie, responsabilitate \u0219i profesionalism care s\u0103 garanteze succesul final al proiectului nostru.<\/p>\n                            <\/div>\n            \t\t<\/div>\n\t\t\t\t<\/div>\n\t\t\t\t\t<\/div>\n\t\t<\/div>\n\t\t\t\t<div class=\"elementor-column elementor-col-33 elementor-inner-column elementor-element elementor-element-5a405c1b\" data-id=\"5a405c1b\" data-element_type=\"column\">\n\t\t\t<div class=\"elementor-widget-wrap\">\n\t\t\t\t\t\t\t\t\t<\/div>\n\t\t<\/div>\n\t\t\t\t<div class=\"elementor-column elementor-col-33 elementor-inner-column elementor-element elementor-element-2e258567\" data-id=\"2e258567\" data-element_type=\"column\">\n\t\t\t<div class=\"elementor-widget-wrap elementor-element-populated\">\n\t\t\t\t\t\t\t\t<div class=\"elementor-element elementor-element-24b9f55c elementor-widget elementor-widget-houzez_elementor_section_title\" data-id=\"24b9f55c\" data-element_type=\"widget\" data-widget_type=\"houzez_elementor_section_title.default\">\n\t\t\t\t<div class=\"elementor-widget-container\">\n\t\t\t            <div class=\"houzez_section_title_wrap section-title-module\">\n                                    <h2 class=\"houzez_section_title\">Cere un citat<\/h2>\n                \n                                    <p class=\"houzez_section_subtitle\">Completa\u021bi urm\u0103torul formular \u0219i un agent v\u0103 va contacta \u00een scurt timp<\/p>\n                            <\/div>\n            \t\t<\/div>\n\t\t\t\t<\/div>\n\t\t\t\t<div class=\"elementor-element elementor-element-3b6520f1 elementor-button-align-stretch elementor-widget elementor-widget-houzez_elementor_contact_form\" data-id=\"3b6520f1\" data-element_type=\"widget\" data-widget_type=\"houzez_elementor_contact_form.default\">\n\t\t\t\t<div class=\"elementor-widget-container\">\n\t\t\t\n        <script type=\"application\/javascript\">\n            jQuery(document).bind(\"ready\", function () {\n                houzezValidateElementor(\"#houzez-form-3b6520f1\" );\n            });\n        <\/script>\n\n        <form class=\"elementor-form\" id=\"houzez-form-3b6520f1\" method=\"post\" name=\"Cerere de reform\u0103\" action=\"https:\/\/rosperty.com\/wp-admin\/admin-ajax.php\">\n            <input type=\"hidden\" name=\"form_id\" value=\"3b6520f1\"\/>\n            <input type=\"hidden\" name=\"houzez_contact_form\" value=\"yes\"\/>\n            <input type=\"hidden\" name=\"action\" value=\"houzez_ele_contact_form\" \/>\n            <input type=\"hidden\" name=\"source_link\" value=\"https:\/\/rosperty.com\/ro\/reforme\/\" \/>\n            <input type=\"hidden\" name=\"lead_page_id\" value=\"19472\" \/>\n            <input type=\"hidden\" name=\"email_to\" value=\"contact@rosperty.com\" \/>\n            <input type=\"hidden\" name=\"email_subject\" value=\"Nuevo mensaje de &quot;Rosperty - Solicitud de reforma&quot;\" \/>\n            <input type=\"hidden\" name=\"email_to_cc\" value=\"\" \/>\n            <input type=\"hidden\" name=\"email_to_bcc\" value=\"\" \/>\n            <input type=\"hidden\" name=\"webhook\" value=\"false\" \/>\n            <input type=\"hidden\" name=\"webhook_url\" value=\"\" \/>\n            <input type=\"hidden\" name=\"redirect_to\" value=\"\" \/>\n            \n\n            <div class=\"elementor-form-fields-wrapper elementor-labels-above\">\n\n                                    <div class=\"elementor-field-group elementor-column form-group elementor-field-group-name elementor-col-100 elementor-field-required\">\n                    <label for=\"form-field-name\" class=\"elementor-field-label\">Nume<\/label><input type=\"text\" name=\"name\" id=\"form-field-name\" class=\"elementor-field form-control elementor-size-sm elementor-field-textual\" title=\"Numele este obligatoriu\" required=\"required\">                    <\/div>\n\n                                        <div class=\"elementor-field-group elementor-column form-group elementor-field-group-email elementor-col-100 elementor-field-required\">\n                    <label for=\"form-field-email\" class=\"elementor-field-label\">Email<\/label><input type=\"email\" name=\"email\" id=\"form-field-email\" class=\"elementor-field form-control elementor-size-sm elementor-field-textual\" title=\"Email-ul este obligatoriu\" required=\"required\">                    <\/div>\n\n                                        <div class=\"elementor-field-group elementor-column form-group elementor-field-group-ac2e031 elementor-col-100 elementor-field-required\">\n                    <label for=\"form-field-ac2e031\" class=\"elementor-field-label\">Telefon<\/label><input type=\"text\" name=\"mobile\" id=\"form-field-ac2e031\" class=\"elementor-field form-control elementor-size-sm elementor-field-textual\" title=\"Telefonul este obligatoriu\" required=\"required\">                    <\/div>\n\n                                        <div class=\"elementor-field-group elementor-column form-group elementor-field-group-message elementor-col-100 elementor-field-required\">\n                    <label for=\"form-field-message\" class=\"elementor-field-label\">Mesaj<\/label><textarea class=\"elementor-field-textual elementor-field elementor-size-sm\" name=\"message\" id=\"form-field-message\" rows=\"4\" required=\"required\" title=\"Mesajul este obligatoriu\"><\/textarea>                    <\/div>\n\n                    \n                                        <div class=\"houzez-gdpr-agreement elementor-field-group elementor-col-100\">\n                        <label for=\"gdpr_agreement\" class=\"elementor-field-label\">Protec\u021bia datelor<\/label>\n                        <div class=\"gdpr-agreement-subgroup\">\n                            <span class=\"gdpr-field-option\">\n                                <label class=\"gdpr-text\" for=\"gdpr_agreement\">\n                                    <input required type=\"checkbox\" name=\"gdpr_agreement\" id=\"gdpr_agreement\" title=\"Acest c\u00e2mp este obligatoriu\">  Accept ca acest site s\u0103 stocheze informa\u021biile trimise                                <\/label>\n                            <\/span>\n                        <\/div>             \n                    <\/div>\n                    \n                    \n                    <div class=\"elementor-field-group elementor-column elementor-field-type-submit elementor-col-100\">\n                    <button type=\"submit\" class=\"btn houzez-submit-button houzez-contact-form-js elementor-button elementor-size-sm\">\n                        <i class=\"btn-loader houzez-loader-js\"><\/i>\n                                                    Enviar                                            <\/button>\n                <\/div>\n            <\/div><!-- End wrapper-->\n            <br\/>\n            <div class=\"ele-form-messages\"><\/div>\n            <div class=\"error-container\"><\/div>\n\n        <\/form>\n\n    \t\t<\/div>\n\t\t\t\t<\/div>\n\t\t\t\t\t<\/div>\n\t\t<\/div>\n\t\t\t\t\t\t\t<\/div>\n\t\t<\/section>\n\t\t\t\t<div class=\"elementor-element elementor-element-7c72cf7b elementor-widget elementor-widget-houzez_elementor_space\" data-id=\"7c72cf7b\" data-element_type=\"widget\" data-widget_type=\"houzez_elementor_space.default\">\n\t\t\t\t<div class=\"elementor-widget-container\">\n\t\t\t        <div class=\"houzez-spacer\">\n            <div class=\"houzez-spacer-inner\"><\/div>\n        <\/div>\n        \t\t<\/div>\n\t\t\t\t<\/div>\n\t\t\t\t\t<\/div>\n\t\t<\/div>\n\t\t\t\t\t\t\t<\/div>\n\t\t<\/section>\n\t\t\t\t\t\t\t<\/div>\n\t\t","protected":false},"excerpt":{"rendered":"<p>Vrei s\u0103 faci o reform\u0103? Realizarea unei reforme cuprinz\u0103toare a unui apartament nu este de obicei o decizie u\u0219oar\u0103. Reformarea casei noastre, par\u021bial sau complet, \u00eenseamn\u0103 at\u00e2t o investi\u021bie de bani, c\u00e2t \u0219i efort. Din acest motiv, este esen\u021bial s\u0103 \u0219tim \u00een cine s\u0103 ne punem \u00eencrederea, s\u0103 ob\u021binem cea mai mare garan\u021bie, responsabilitate \u0219i [&hellip;]<\/p>\n","protected":false},"author":1,"featured_media":0,"parent":0,"menu_order":0,"comment_status":"closed","ping_status":"closed","template":"template\/template-homepage.php","meta":{"footnotes":""},"class_list":["post-19472","page","type-page","status-publish","hentry"],"_links":{"self":[{"href":"https:\/\/rosperty.com\/ro\/wp-json\/wp\/v2\/pages\/19472","targetHints":{"allow":["GET"]}}],"collection":[{"href":"https:\/\/rosperty.com\/ro\/wp-json\/wp\/v2\/pages"}],"about":[{"href":"https:\/\/rosperty.com\/ro\/wp-json\/wp\/v2\/types\/page"}],"author":[{"embeddable":true,"href":"https:\/\/rosperty.com\/ro\/wp-json\/wp\/v2\/users\/1"}],"replies":[{"embeddable":true,"href":"https:\/\/rosperty.com\/ro\/wp-json\/wp\/v2\/comments?post=19472"}],"version-history":[{"count":1,"href":"https:\/\/rosperty.com\/ro\/wp-json\/wp\/v2\/pages\/19472\/revisions"}],"predecessor-version":[{"id":19473,"href":"https:\/\/rosperty.com\/ro\/wp-json\/wp\/v2\/pages\/19472\/revisions\/19473"}],"wp:attachment":[{"href":"https:\/\/rosperty.com\/ro\/wp-json\/wp\/v2\/media?parent=19472"}],"curies":[{"name":"wp","href":"https:\/\/api.w.org\/{rel}","templated":true}]}}